{"id":252952,"date":"2019-08-15T07:18:45","date_gmt":"2019-08-15T07:18:45","guid":{"rendered":"https:\/\/kranlyft.com\/nyheter\/"},"modified":"2026-02-03T09:26:46","modified_gmt":"2026-02-03T09:26:46","slug":"nyheter","status":"publish","type":"page","link":"https:\/\/kranlyft.com\/sv\/nyheter\/","title":{"rendered":"Nyheter"},"content":{"rendered":"<p>[et_pb_section fb_built=&#8221;1&#8243; admin_label=&#8221;Hero&#8221; _builder_version=&#8221;4.16&#8243; background_color=&#8221;rgba(102,102,102,0.2)&#8221; use_background_color_gradient=&#8221;on&#8221; background_color_gradient_direction=&#8221;135deg&#8221; background_color_gradient_stops=&#8221;rgba(255,255,255,0.85) 35%|rgba(255,255,255,0) 65%&#8221; background_color_gradient_overlays_image=&#8221;on&#8221; background_color_gradient_start=&#8221;rgba(255,255,255,0.85)&#8221; background_color_gradient_start_position=&#8221;35%&#8221; background_color_gradient_end=&#8221;rgba(255,255,255,0)&#8221; background_color_gradient_end_position=&#8221;65%&#8221; background_enable_image=&#8221;off&#8221; custom_margin=&#8221;||0px|||&#8221; bottom_divider_color=&#8221;#ffffff&#8221; bottom_divider_height=&#8221;260px&#8221; bottom_divider_flip=&#8221;vertical&#8221; bottom_divider_height_tablet=&#8221;&#8221; bottom_divider_height_phone=&#8221;90px&#8221; bottom_divider_height_last_edited=&#8221;on|desktop&#8221; background_last_edited=&#8221;on|desktop&#8221; background_color_gradient_stops_phone=&#8221;rgba(255,255,255,0.85) 35%|#efefef 65%&#8221; background_color_gradient_end_phone=&#8221;#efefef&#8221; background_enable_image_phone=&#8221;off&#8221; global_colors_info=&#8221;{}&#8221;][et_pb_row column_structure=&#8221;1_2,1_2&#8243; _builder_version=&#8221;4.16&#8243; max_width_last_edited=&#8221;off|desktop&#8221; custom_margin_tablet=&#8221;&#8221; custom_margin_phone=&#8221;&#8221; custom_margin_last_edited=&#8221;on|phone&#8221; use_custom_width=&#8221;on&#8221; custom_width_px=&#8221;1440px&#8221; global_colors_info=&#8221;{}&#8221;][et_pb_column type=&#8221;1_2&#8243; _builder_version=&#8221;4.16&#8243; custom_padding=&#8221;40px||60px||false|false&#8221; custom_padding_tablet=&#8221;||0px|&#8221; custom_padding_phone=&#8221;&#8221; custom_padding_last_edited=&#8221;on|desktop&#8221; global_colors_info=&#8221;{}&#8221; custom_padding__hover=&#8221;|||&#8221;][et_pb_text _builder_version=&#8221;4.27.4&#8243; text_font=&#8221;||||||||&#8221; header_font=&#8221;Khand|700|on|on|||||&#8221; header_text_color=&#8221;#666666&#8243; header_font_size=&#8221;22px&#8221; header_letter_spacing=&#8221;1px&#8221; header_2_font=&#8221;Khand|700||on|||||&#8221; header_2_text_color=&#8221;#444444&#8243; header_2_font_size=&#8221;60px&#8221; header_2_letter_spacing=&#8221;1px&#8221; header_2_line_height=&#8221;1.1em&#8221; background_layout=&#8221;dark&#8221; module_alignment=&#8221;left&#8221; custom_margin=&#8221;||20px||false|false&#8221; custom_margin_tablet=&#8221;&#8221; custom_margin_phone=&#8221;&#8221; custom_margin_last_edited=&#8221;on|desktop&#8221; custom_padding=&#8221;12px|||30px|false|false&#8221; header_font_size_tablet=&#8221;24px&#8221; header_font_size_phone=&#8221;18px&#8221; header_font_size_last_edited=&#8221;on|phone&#8221; header_2_font_size_tablet=&#8221;58px&#8221; header_2_font_size_phone=&#8221;50px&#8221; header_2_font_size_last_edited=&#8221;on|phone&#8221; header_2_text_shadow_style=&#8221;preset3&#8243; header_2_text_shadow_color=&#8221;#ffffff&#8221; border_width_left=&#8221;5px&#8221; border_color_left=&#8221;#006DB6&#8243; global_colors_info=&#8221;{}&#8221;]<\/p>\n<h2>Nyheter och kundber\u00e4ttelser<\/h2>\n<p>[\/et_pb_text][et_pb_text quote_border_color=&#8221;#0a7bc0&#8243; _builder_version=&#8221;4.27.4&#8243; text_font=&#8221;||||||||&#8221; text_font_size=&#8221;15px&#8221; text_line_height=&#8221;1.8em&#8221; quote_font=&#8221;||||||||&#8221; quote_line_height=&#8221;2em&#8221; header_font=&#8221;||||||||&#8221; width=&#8221;100%&#8221; module_alignment=&#8221;left&#8221; global_colors_info=&#8221;{}&#8221;]<\/p>\n<p>H\u00e4r finns v\u00e5ra senaste kundber\u00e4ttelser, nyheter och pressmeddelanden.<\/p>\n<p>[\/et_pb_text][et_pb_button button_url=&#8221;#N&#8221; button_text=&#8221;Visa mer&#8221; button_alignment=&#8221;left&#8221; _builder_version=&#8221;4.27.4&#8243; custom_button=&#8221;on&#8221; button_text_size=&#8221;12px&#8221; button_text_color=&#8221;#666666&#8243; button_bg_color=&#8221;#FFFFFF&#8221; button_border_width=&#8221;0px&#8221; button_border_color=&#8221;#ffffff&#8221; button_border_radius=&#8221;0px&#8221; button_letter_spacing=&#8221;1.3px&#8221; button_font=&#8221;Montserrat|||on|||||&#8221; button_use_icon=&#8221;off&#8221; background_layout=&#8221;dark&#8221; custom_margin=&#8221;35px||7px|||&#8221; custom_margin_tablet=&#8221;||0px|&#8221; custom_margin_phone=&#8221;&#8221; custom_margin_last_edited=&#8221;on|tablet&#8221; custom_padding=&#8221;11px|28px|11px|28px|true|true&#8221; box_shadow_style=&#8221;preset3&#8243; box_shadow_vertical=&#8221;5px&#8221; locked=&#8221;off&#8221; global_colors_info=&#8221;{}&#8221; button_one_text_size__hover_enabled=&#8221;off&#8221; button_two_text_size__hover_enabled=&#8221;off&#8221; button_one_text_color__hover_enabled=&#8221;off&#8221; button_two_text_color__hover_enabled=&#8221;off&#8221; button_one_border_width__hover_enabled=&#8221;off&#8221; button_two_border_width__hover_enabled=&#8221;off&#8221; button_one_border_color__hover_enabled=&#8221;off&#8221; button_two_border_color__hover_enabled=&#8221;off&#8221; button_one_border_radius__hover_enabled=&#8221;off&#8221; button_two_border_radius__hover_enabled=&#8221;off&#8221; button_one_letter_spacing__hover_enabled=&#8221;off&#8221; button_two_letter_spacing__hover_enabled=&#8221;off&#8221; button_one_bg_color__hover_enabled=&#8221;off&#8221; button_two_bg_color__hover_enabled=&#8221;off&#8221; button_border_width__hover=&#8221;0px&#8221; button_border_width__hover_enabled=&#8221;on&#8221; button_border_color__hover=&#8221;#ffffff&#8221; button_border_color__hover_enabled=&#8221;on&#8221; button_letter_spacing__hover=&#8221;1.3px&#8221; button_letter_spacing__hover_enabled=&#8221;on&#8221; custom_margin__hover=&#8221;35px||7px|||&#8221; custom_margin__hover_enabled=&#8221;on&#8221; custom_padding__hover=&#8221;11px||11px&#8221; custom_padding__hover_enabled=&#8221;on&#8221; box_shadow_vertical__hover=&#8221;7px&#8221; box_shadow_vertical__hover_enabled=&#8221;on&#8221; box_shadow_blur__hover=&#8221;18px&#8221; box_shadow_blur__hover_enabled=&#8221;on&#8221; box_shadow_spread__hover=&#8221;-5px&#8221; box_shadow_spread__hover_enabled=&#8221;on&#8221; box_shadow_color__hover=&#8221;rgba(0,0,0,0.4)&#8221; box_shadow_color__hover_enabled=&#8221;on&#8221;][\/et_pb_button][\/et_pb_column][et_pb_column type=&#8221;1_2&#8243; _builder_version=&#8221;4.16&#8243; custom_padding_tablet=&#8221;0px|||&#8221; custom_padding_phone=&#8221;&#8221; custom_padding_last_edited=&#8221;on|tablet&#8221; global_colors_info=&#8221;{}&#8221; custom_padding__hover=&#8221;|||&#8221;][et_pb_social_media_follow disabled_on=&#8221;on|off|off&#8221; _builder_version=&#8221;4.27.4&#8243; _module_preset=&#8221;default&#8221; text_orientation=&#8221;right&#8221; background_layout=&#8221;dark&#8221; custom_margin=&#8221;50px||||false|false&#8221; custom_margin_last_edited=&#8221;off|desktop&#8221; text_orientation_tablet=&#8221;&#8221; text_orientation_phone=&#8221;left&#8221; text_orientation_last_edited=&#8221;on|phone&#8221; border_radii=&#8221;on|0px|0px|0px|0px&#8221; global_colors_info=&#8221;{}&#8221;][et_pb_social_media_follow_network social_network=&#8221;facebook&#8221; url=&#8221;https:\/\/www.facebook.com\/KranlyftGroup\/&#8221; _builder_version=&#8221;4.27.4&#8243; _module_preset=&#8221;default&#8221; background_color=&#8221;rgba(102,102,102,0.34)&#8221; custom_margin=&#8221;|0px||0px||true&#8221; custom_padding=&#8221;2px|2px|2px|2px|true|true&#8221; border_radii=&#8221;on|1px|1px|1px|1px&#8221; box_shadow_style=&#8221;preset1&#8243; box_shadow_vertical=&#8221;1px&#8221; box_shadow_blur=&#8221;8px&#8221; box_shadow_spread=&#8221;-1px&#8221; box_shadow_color=&#8221;rgba(0,0,0,0.1)&#8221; global_colors_info=&#8221;{}&#8221; background__hover_enabled=&#8221;on&#8221; background_color__hover=&#8221;#0a7bc0&#8243; follow_button=&#8221;off&#8221; url_new_window=&#8221;on&#8221;]facebook[\/et_pb_social_media_follow_network][et_pb_social_media_follow_network social_network=&#8221;linkedin&#8221; url=&#8221;https:\/\/www.linkedin.com\/company\/kranlyft\/&#8221; _builder_version=&#8221;4.16&#8243; _module_preset=&#8221;default&#8221; background_color=&#8221;rgba(102,102,102,0.34)&#8221; custom_margin=&#8221;|0px||0px||true&#8221; custom_padding=&#8221;2px|2px|2px|2px|true|true&#8221; border_radii=&#8221;on|1px|1px|1px|1px&#8221; box_shadow_style=&#8221;preset1&#8243; box_shadow_vertical=&#8221;1px&#8221; box_shadow_blur=&#8221;8px&#8221; box_shadow_spread=&#8221;-1px&#8221; box_shadow_color=&#8221;rgba(0,0,0,0.1)&#8221; global_colors_info=&#8221;{}&#8221; background__hover_enabled=&#8221;on&#8221; background_color__hover=&#8221;#0a7bc0&#8243; follow_button=&#8221;off&#8221; url_new_window=&#8221;on&#8221;]linkedin[\/et_pb_social_media_follow_network][et_pb_social_media_follow_network social_network=&#8221;instagram&#8221; url=&#8221;https:\/\/www.instagram.com\/kranlyft_group\/&#8221; _builder_version=&#8221;4.16&#8243; _module_preset=&#8221;default&#8221; background_color=&#8221;rgba(102,102,102,0.34)&#8221; custom_margin=&#8221;|0px||0px||true&#8221; custom_padding=&#8221;2px|2px|2px|2px|true|true&#8221; border_radii=&#8221;on|1px|1px|1px|1px&#8221; box_shadow_style=&#8221;preset1&#8243; box_shadow_vertical=&#8221;1px&#8221; box_shadow_blur=&#8221;8px&#8221; box_shadow_spread=&#8221;-1px&#8221; box_shadow_color=&#8221;rgba(0,0,0,0.1)&#8221; global_colors_info=&#8221;{}&#8221; background__hover_enabled=&#8221;on&#8221; background_color__hover=&#8221;#0a7bc0&#8243; follow_button=&#8221;off&#8221; url_new_window=&#8221;on&#8221;]instagram[\/et_pb_social_media_follow_network][\/et_pb_social_media_follow][et_pb_button button_url=&#8221;https:\/\/public.paloma.se\/subscribeform\/27210\/kranlyft&#8221; button_text=&#8221;Prenumerera p\u00e5 v\u00e5rt nyhetsbrev&#8221; button_alignment=&#8221;right&#8221; _builder_version=&#8221;4.27.4&#8243; custom_button=&#8221;on&#8221; button_text_size=&#8221;12px&#8221; button_text_color=&#8221;#666666&#8243; button_bg_color=&#8221;#FFFFFF&#8221; button_border_width=&#8221;0px&#8221; button_border_color=&#8221;#ffffff&#8221; button_border_radius=&#8221;0px&#8221; button_letter_spacing=&#8221;1.3px&#8221; button_font=&#8221;Montserrat|||on|||||&#8221; button_use_icon=&#8221;off&#8221; background_layout=&#8221;dark&#8221; custom_margin=&#8221;35px||7px|||&#8221; custom_margin_tablet=&#8221;||0px|&#8221; custom_margin_phone=&#8221;&#8221; custom_margin_last_edited=&#8221;on|tablet&#8221; custom_padding=&#8221;11px|28px|11px|28px|true|true&#8221; hover_enabled=&#8221;0&#8243; box_shadow_style=&#8221;preset3&#8243; box_shadow_vertical=&#8221;5px&#8221; locked=&#8221;off&#8221; global_colors_info=&#8221;{}&#8221; button_one_text_size__hover_enabled=&#8221;off&#8221; button_two_text_size__hover_enabled=&#8221;off&#8221; button_one_text_color__hover_enabled=&#8221;off&#8221; button_two_text_color__hover_enabled=&#8221;off&#8221; button_one_border_width__hover_enabled=&#8221;off&#8221; button_two_border_width__hover_enabled=&#8221;off&#8221; button_one_border_color__hover_enabled=&#8221;off&#8221; button_two_border_color__hover_enabled=&#8221;off&#8221; button_one_border_radius__hover_enabled=&#8221;off&#8221; button_two_border_radius__hover_enabled=&#8221;off&#8221; button_one_letter_spacing__hover_enabled=&#8221;off&#8221; button_two_letter_spacing__hover_enabled=&#8221;off&#8221; button_one_bg_color__hover_enabled=&#8221;off&#8221; button_two_bg_color__hover_enabled=&#8221;off&#8221; button_border_width__hover=&#8221;0px&#8221; button_border_width__hover_enabled=&#8221;on&#8221; button_border_color__hover=&#8221;#ffffff&#8221; button_border_color__hover_enabled=&#8221;on&#8221; button_letter_spacing__hover=&#8221;1.3px&#8221; button_letter_spacing__hover_enabled=&#8221;on&#8221; custom_margin__hover=&#8221;35px||7px|||&#8221; custom_margin__hover_enabled=&#8221;on&#8221; custom_padding__hover=&#8221;11px||11px&#8221; custom_padding__hover_enabled=&#8221;on&#8221; box_shadow_vertical__hover=&#8221;7px&#8221; box_shadow_vertical__hover_enabled=&#8221;on&#8221; box_shadow_blur__hover=&#8221;18px&#8221; box_shadow_blur__hover_enabled=&#8221;on&#8221; box_shadow_spread__hover=&#8221;-5px&#8221; box_shadow_spread__hover_enabled=&#8221;on&#8221; box_shadow_color__hover=&#8221;rgba(0,0,0,0.4)&#8221; box_shadow_color__hover_enabled=&#8221;on&#8221; sticky_enabled=&#8221;0&#8243;][\/et_pb_button][\/et_pb_column][\/et_pb_row][\/et_pb_section][et_pb_section fb_built=&#8221;1&#8243; _builder_version=&#8221;4.27.0&#8243; _module_preset=&#8221;default&#8221; background_enable_color=&#8221;off&#8221; use_background_color_gradient=&#8221;on&#8221; background_color_gradient_direction=&#8221;90deg&#8221; background_color_gradient_stops=&#8221;#ffffff 0%|#f2f2f2 100%&#8221; custom_margin=&#8221;0px||0px||true|false&#8221; custom_padding=&#8221;6px||2px||false|false&#8221; box_shadow_style=&#8221;preset1&#8243; box_shadow_color=&#8221;rgba(2,2,2,0.1)&#8221; global_colors_info=&#8221;{}&#8221;][et_pb_row custom_padding_last_edited=&#8221;off|desktop&#8221; _builder_version=&#8221;4.27.0&#8243; _module_preset=&#8221;_initial&#8221; width_last_edited=&#8221;off|desktop&#8221; custom_margin=&#8221;0px||0px||true|false&#8221; custom_padding=&#8221;0px||0px||true|false&#8221; global_colors_info=&#8221;{}&#8221;][et_pb_column type=&#8221;4_4&#8243; _builder_version=&#8221;4.27.0&#8243; _module_preset=&#8221;default&#8221; global_colors_info=&#8221;{}&#8221;][dsm_breadcrumbs home_text=&#8221; &#8221; home_icon=&#8221;&#xe009;||divi||400&#8243; separator_icon=&#8221;&#xf0da;||fa||900&#8243; separator_bottom=&#8221;9px&#8221; _builder_version=&#8221;4.27.2&#8243; _module_preset=&#8221;default&#8221; home_icon_text_color=&#8221;#666666&#8243; separators_text_color=&#8221;#666666&#8243; separators_font_size=&#8221;14px&#8221; current_text_color=&#8221;#666666&#8243; custom_margin=&#8221;0px||0px||false|false&#8221; custom_padding=&#8221;0px||0px||false|false&#8221; global_colors_info=&#8221;{}&#8221; home_icon_text_color__hover_enabled=&#8221;on|hover&#8221; home_icon_text_color__hover=&#8221;#006DB6&#8243; separators_text_color__hover_enabled=&#8221;on|desktop&#8221; separators_text_color__hover=&#8221;#006DB6&#8243;][\/dsm_breadcrumbs][\/et_pb_column][\/et_pb_row][\/et_pb_section][et_pb_section fb_built=&#8221;1&#8243; _builder_version=&#8221;4.27.4&#8243; _module_preset=&#8221;default&#8221; background_color=&#8221;#04579b&#8221; custom_margin=&#8221;0px||0px||false|false&#8221; custom_padding=&#8221;0px||0px||false|false&#8221; global_colors_info=&#8221;{}&#8221;][et_pb_row column_structure=&#8221;1_6,1_6,1_6,1_6,1_6,1_6&#8243; custom_padding_last_edited=&#8221;off|desktop&#8221; _builder_version=&#8221;4.27.4&#8243; _module_preset=&#8221;_initial&#8221; width=&#8221;100%&#8221; max_width=&#8221;100%&#8221; custom_padding=&#8221;8px||8px||true|false&#8221; global_colors_info=&#8221;{}&#8221;][et_pb_column type=&#8221;1_6&#8243; _builder_version=&#8221;4.21.0&#8243; _module_preset=&#8221;default&#8221; global_colors_info=&#8221;{}&#8221;][\/et_pb_column][et_pb_column type=&#8221;1_6&#8243; _builder_version=&#8221;4.16&#8243; _module_preset=&#8221;default&#8221; global_colors_info=&#8221;{}&#8221;][\/et_pb_column][et_pb_column type=&#8221;1_6&#8243; _builder_version=&#8221;4.16&#8243; _module_preset=&#8221;default&#8221; global_colors_info=&#8221;{}&#8221;][\/et_pb_column][et_pb_column type=&#8221;1_6&#8243; _builder_version=&#8221;4.16&#8243; _module_preset=&#8221;default&#8221; global_colors_info=&#8221;{}&#8221;][\/et_pb_column][et_pb_column type=&#8221;1_6&#8243; _builder_version=&#8221;4.16&#8243; _module_preset=&#8221;default&#8221; global_colors_info=&#8221;{}&#8221;][\/et_pb_column][et_pb_column type=&#8221;1_6&#8243; _builder_version=&#8221;4.16&#8243; _module_preset=&#8221;default&#8221; global_colors_info=&#8221;{}&#8221;][\/et_pb_column][\/et_pb_row][\/et_pb_section][et_pb_section fb_built=&#8221;1&#8243; inner_shadow=&#8221;on&#8221; module_id=&#8221;N&#8221; _builder_version=&#8221;4.27.4&#8243; _module_preset=&#8221;default&#8221; background_color=&#8221;#f2f2f2&#8243; custom_padding=&#8221;100px|||||&#8221; global_colors_info=&#8221;{}&#8221;][et_pb_row _builder_version=&#8221;4.16&#8243; _module_preset=&#8221;_initial&#8221; max_width=&#8221;1435px&#8221; global_colors_info=&#8221;{}&#8221;][et_pb_column type=&#8221;4_4&#8243; _builder_version=&#8221;4.16&#8243; _module_preset=&#8221;default&#8221; global_colors_info=&#8221;{}&#8221;][et_pb_blog fullwidth=&#8221;off&#8221; posts_number=&#8221;6&#8243; include_categories=&#8221;all&#8221; show_author=&#8221;off&#8221; _builder_version=&#8221;4.27.4&#8243; _module_preset=&#8221;default&#8221; header_font=&#8221;Arimo||||||||&#8221; header_font_size=&#8221;22px&#8221; body_font=&#8221;Open Sans||||||||&#8221; body_text_color=&#8221;#444444&#8243; body_font_size=&#8221;13.5px&#8221; meta_font=&#8221;Arimo||on||||||&#8221; meta_text_color=&#8221;#9b9b9b&#8221; meta_font_size=&#8221;13px&#8221; border_radii=&#8221;on|2px|2px|2px|2px&#8221; border_width_all=&#8221;0px&#8221; border_width_bottom_image=&#8221;5px&#8221; border_color_bottom_image=&#8221;#0a7bc0&#8243; box_shadow_style=&#8221;preset3&#8243; box_shadow_color=&#8221;rgba(0,0,0,0.05)&#8221; global_colors_info=&#8221;{}&#8221;][\/et_pb_blog][\/et_pb_column][\/et_pb_row][\/et_pb_section][et_pb_section fb_built=&#8221;1&#8243; custom_padding_last_edited=&#8221;on|phone&#8221; admin_label=&#8221;About&#8221; _builder_version=&#8221;4.27.4&#8243; _module_preset=&#8221;default&#8221; background_enable_color=&#8221;off&#8221; use_background_color_gradient=&#8221;on&#8221; background_color_gradient_stops=&#8221;rgba(255,255,255,0.8) 0%|rgba(255,255,255,0.8) 100%&#8221; background_color_gradient_overlays_image=&#8221;on&#8221; background_image=&#8221;https:\/\/kranlyft.com\/wp-content\/uploads\/Header-Kranlyft-Group-V3-2Kpx.jpg&#8221; parallax=&#8221;on&#8221; custom_margin=&#8221;|||||&#8221; custom_padding=&#8221;80px||95px|||&#8221; custom_padding_tablet=&#8221;&#8221; custom_padding_phone=&#8221;25px||0px||false|false&#8221; global_colors_info=&#8221;{}&#8221;][et_pb_row make_equal=&#8221;on&#8221; _builder_version=&#8221;4.27.4&#8243; _module_preset=&#8221;_initial&#8221; max_width=&#8221;1435px&#8221; custom_margin=&#8221;56px|auto|-28px|auto||&#8221; custom_padding=&#8221;||27px|||&#8221; border_color_all=&#8221;rgba(0,0,0,0.08)&#8221; border_style_top=&#8221;double&#8221; locked=&#8221;off&#8221; global_colors_info=&#8221;{}&#8221;][et_pb_column type=&#8221;4_4&#8243; _builder_version=&#8221;4.16&#8243; _module_preset=&#8221;default&#8221; custom_padding=&#8221;|||&#8221; global_colors_info=&#8221;{}&#8221; custom_padding__hover=&#8221;|||&#8221;][et_pb_text _builder_version=&#8221;4.27.4&#8243; _module_preset=&#8221;default&#8221; text_font=&#8221;||||||||&#8221; header_font=&#8221;||||||||&#8221; header_2_font=&#8221;Khand|700||on|||||&#8221; header_2_text_align=&#8221;center&#8221; header_2_text_color=&#8221;#444444&#8243; header_2_font_size=&#8221;55px&#8221; header_2_letter_spacing=&#8221;1px&#8221; header_2_line_height=&#8221;1.4em&#8221; header_6_font=&#8221;Khand|700||on|||||&#8221; header_6_text_align=&#8221;center&#8221; header_6_text_color=&#8221;#444444&#8243; header_6_font_size=&#8221;54px&#8221; header_6_letter_spacing=&#8221;1px&#8221; header_6_line_height=&#8221;1.4em&#8221; background_enable_color=&#8221;off&#8221; text_orientation=&#8221;center&#8221; max_width=&#8221;600px&#8221; max_width_tablet=&#8221;400px&#8221; max_width_phone=&#8221;350px&#8221; max_width_last_edited=&#8221;on|phone&#8221; module_alignment=&#8221;center&#8221; custom_margin=&#8221;-4.5em||&#8221; custom_padding=&#8221;||0px|||&#8221; animation_style=&#8221;fade&#8221; header_2_font_size_tablet=&#8221;40px&#8221; header_2_font_size_phone=&#8221;35px&#8221; header_2_font_size_last_edited=&#8221;on|phone&#8221; header_6_font_size_tablet=&#8221;40px&#8221; header_6_font_size_phone=&#8221;45px&#8221; header_6_font_size_last_edited=&#8221;on|phone&#8221; global_colors_info=&#8221;{}&#8221; header_3_font_size__hover=&#8221;22px&#8221; header_3_font_size__hover_enabled=&#8221;22px&#8221; header_3_line_height__hover=&#8221;1em&#8221; header_3_line_height__hover_enabled=&#8221;1em&#8221; header_3_letter_spacing__hover=&#8221;0px&#8221; header_3_letter_spacing__hover_enabled=&#8221;0px&#8221; header_3_text_shadow_style__hover=&#8221;none&#8221; header_3_text_shadow_style__hover_enabled=&#8221;none&#8221; header_3_text_shadow_color__hover=&#8221;rgba(0,0,0,0.4)&#8221; header_3_text_shadow_color__hover_enabled=&#8221;rgba(0,0,0,0.4)&#8221; max_width__hover_enabled=&#8221;on&#8221; max_width__hover=&#8221;600px&#8221;]<\/p>\n<h6 style=\"text-align: center;\">60 \u00e5rs erfarenhet<\/h6>\n<p>[\/et_pb_text][et_pb_button button_url=&#8221;https:\/\/kranlyft.com\/sv\/om-oss\/&#8221; button_text=&#8221;Om oss&#8221; button_alignment=&#8221;center&#8221; _builder_version=&#8221;4.16&#8243; custom_button=&#8221;on&#8221; button_text_size=&#8221;12px&#8221; button_text_color=&#8221;#666666&#8243; button_bg_color=&#8221;#FFFFFF&#8221; button_border_width=&#8221;0px&#8221; button_border_color=&#8221;#ffffff&#8221; button_border_radius=&#8221;0px&#8221; button_letter_spacing=&#8221;1.3px&#8221; button_font=&#8221;Montserrat|||on|||||&#8221; button_use_icon=&#8221;off&#8221; background_layout=&#8221;dark&#8221; custom_margin=&#8221;35px||7px|||&#8221; custom_margin_tablet=&#8221;||0px|&#8221; custom_margin_phone=&#8221;||0px|&#8221; custom_margin_last_edited=&#8221;on|tablet&#8221; custom_padding=&#8221;11px|28px|11px|28px|true|true&#8221; box_shadow_style=&#8221;preset3&#8243; box_shadow_vertical=&#8221;5px&#8221; global_colors_info=&#8221;{}&#8221; button_one_text_size__hover_enabled=&#8221;off&#8221; button_two_text_size__hover_enabled=&#8221;off&#8221; button_one_text_color__hover_enabled=&#8221;off&#8221; button_two_text_color__hover_enabled=&#8221;off&#8221; button_one_border_width__hover_enabled=&#8221;off&#8221; button_two_border_width__hover_enabled=&#8221;off&#8221; button_one_border_color__hover_enabled=&#8221;off&#8221; button_two_border_color__hover_enabled=&#8221;off&#8221; button_one_border_radius__hover_enabled=&#8221;off&#8221; button_two_border_radius__hover_enabled=&#8221;off&#8221; button_one_letter_spacing__hover_enabled=&#8221;off&#8221; button_two_letter_spacing__hover_enabled=&#8221;off&#8221; button_one_bg_color__hover_enabled=&#8221;off&#8221; button_two_bg_color__hover_enabled=&#8221;off&#8221; button_border_width__hover=&#8221;0px&#8221; button_border_width__hover_enabled=&#8221;on&#8221; button_border_color__hover=&#8221;#ffffff&#8221; button_border_color__hover_enabled=&#8221;on&#8221; button_letter_spacing__hover=&#8221;1.3px&#8221; button_letter_spacing__hover_enabled=&#8221;on&#8221; custom_margin__hover=&#8221;35px||7px|||&#8221; custom_margin__hover_enabled=&#8221;on&#8221; custom_padding__hover=&#8221;11px||11px&#8221; custom_padding__hover_enabled=&#8221;on&#8221; box_shadow_vertical__hover=&#8221;7px&#8221; box_shadow_vertical__hover_enabled=&#8221;on&#8221; box_shadow_blur__hover=&#8221;18px&#8221; box_shadow_blur__hover_enabled=&#8221;on&#8221; box_shadow_spread__hover=&#8221;-5px&#8221; box_shadow_spread__hover_enabled=&#8221;on&#8221; box_shadow_color__hover=&#8221;rgba(0,0,0,0.4)&#8221; box_shadow_color__hover_enabled=&#8221;on&#8221;][\/et_pb_button][\/et_pb_column][\/et_pb_row][\/et_pb_section]<\/p>\n","protected":false},"excerpt":{"rendered":"<p>Nyheter och kundber\u00e4ttelserH\u00e4r finns v\u00e5ra senaste kundber\u00e4ttelser, nyheter och pressmeddelanden.<div class=\"et_pb_module dsm_breadcrumbs dsm_breadcrumbs_0\">\n\t\t\t\t\n\t\t\t\t\n\t\t\t\t\n\t\t\t\t\n\t\t\t\t\n\t\t\t\t\n\t\t\t\t<div class=\"et_pb_module_inner\">\n\t\t\t\t\t<nav class=\"dsm_breadcrumbs_wrap\" role=\"navigation\" itemscope=\"\" itemtype=\"http:\/\/schema.org\/SiteNavigationElement\">\n\t\t\t\t<ul class=\"dsm_breadcrumbs\">\n\t\t\t<li class='dsm_breadcrumbs_item dsm_home_item dsm_home_item_custom'>\n\t\t\t\t<a href=\"https:\/\/kranlyft.com\/sv\/\" itemprop=\"url\">\n\t\t\t\t\t<span class='dsm_home_text_wrapper'>\n\t\t\t\t\t\t\t\t\t\t\t\t\t<span class=\"et-pb-icon dsm_home_icon\">&#xe009;<\/span>\n\t\t\t\t\t\t\t\t\t\t\t\t\t<span class=\"dsm_home_text\" itemprop=\"name\">\n\t\t\t\t\t\t\t\t \t\t\t\t\t\t\t<\/span>\n\t\t\t\t\t<\/span>\n\t\t\t\t<\/a>\n\t\t\t<\/li>\n\n\t\t<li class=\"dsm_breadcrumbs_separator\"> <span class=\"et-pb-icon dsm_separator_icon\">&#xf0da;<\/span><\/li><\/ul>\n\t\t\t<\/nav>\n\t\t\t\t<\/div>\n\t\t\t<\/div>60 \u00e5rs erfarenhet<\/p>\n","protected":false},"author":1,"featured_media":252028,"parent":0,"menu_order":0,"comment_status":"closed","ping_status":"closed","template":"","meta":{"_et_pb_use_builder":"on","_et_pb_old_content":"","_et_gb_content_width":"","footnotes":""},"class_list":["post-252952","page","type-page","status-publish","has-post-thumbnail","hentry"],"_links":{"self":[{"href":"https:\/\/kranlyft.com\/sv\/wp-json\/wp\/v2\/pages\/252952","targetHints":{"allow":["GET"]}}],"collection":[{"href":"https:\/\/kranlyft.com\/sv\/wp-json\/wp\/v2\/pages"}],"about":[{"href":"https:\/\/kranlyft.com\/sv\/wp-json\/wp\/v2\/types\/page"}],"author":[{"embeddable":true,"href":"https:\/\/kranlyft.com\/sv\/wp-json\/wp\/v2\/users\/1"}],"replies":[{"embeddable":true,"href":"https:\/\/kranlyft.com\/sv\/wp-json\/wp\/v2\/comments?post=252952"}],"version-history":[{"count":11,"href":"https:\/\/kranlyft.com\/sv\/wp-json\/wp\/v2\/pages\/252952\/revisions"}],"predecessor-version":[{"id":265263,"href":"https:\/\/kranlyft.com\/sv\/wp-json\/wp\/v2\/pages\/252952\/revisions\/265263"}],"wp:featuredmedia":[{"embeddable":true,"href":"https:\/\/kranlyft.com\/sv\/wp-json\/wp\/v2\/media\/252028"}],"wp:attachment":[{"href":"https:\/\/kranlyft.com\/sv\/wp-json\/wp\/v2\/media?parent=252952"}],"curies":[{"name":"wp","href":"https:\/\/api.w.org\/{rel}","templated":true}]}}